{"id":5668,"date":"2024-01-26T12:55:19","date_gmt":"2024-01-26T15:55:19","guid":{"rendered":"https:\/\/emehermanos.com.ar\/tienda\/?post_type=product&#038;p=5668"},"modified":"2024-01-26T12:57:09","modified_gmt":"2024-01-26T15:57:09","slug":"manteca-milkaut-x-5-kilos","status":"publish","type":"product","link":"https:\/\/emehermanos.com.ar\/tienda\/product\/manteca-milkaut-x-5-kilos\/","title":{"rendered":"Manteca MILKAUT x 5 kilos"},"content":{"rendered":"<p>La distribuci\u00f3n homog\u00e9nea de la humedad (16%) y su calidad constante durante todo el a\u00f1o, garantizan resultados \u00f3ptimos en m\u00faltiples tipos de preparaciones donde la manteca cumple un rol primordial, como en las masas laminadas.<\/p>\n","protected":false},"excerpt":{"rendered":"<p>La distribuci\u00f3n homog\u00e9nea de la humedad (16%) y su calidad constante durante todo el a\u00f1o, garantizan resultados \u00f3ptimos en m\u00faltiples tipos de preparaciones donde la manteca cumple un rol primordial, como en las masas laminadas.<\/p>\n","protected":false},"featured_media":5669,"template":"","meta":[],"product_brand":[],"product_cat":[155],"product_tag":[],"class_list":{"0":"post-5668","1":"product","2":"type-product","3":"status-publish","4":"has-post-thumbnail","6":"product_cat-lacteos-manteca-crema","8":"first","9":"instock","10":"shipping-taxable","11":"product-type-simple"},"jetpack_sharing_enabled":true,"_links":{"self":[{"href":"https:\/\/emehermanos.com.ar\/tienda\/wp-json\/wp\/v2\/product\/5668","targetHints":{"allow":["GET"]}}],"collection":[{"href":"https:\/\/emehermanos.com.ar\/tienda\/wp-json\/wp\/v2\/product"}],"about":[{"href":"https:\/\/emehermanos.com.ar\/tienda\/wp-json\/wp\/v2\/types\/product"}],"wp:featuredmedia":[{"embeddable":true,"href":"https:\/\/emehermanos.com.ar\/tienda\/wp-json\/wp\/v2\/media\/5669"}],"wp:attachment":[{"href":"https:\/\/emehermanos.com.ar\/tienda\/wp-json\/wp\/v2\/media?parent=5668"}],"wp:term":[{"taxonomy":"product_brand","embeddable":true,"href":"https:\/\/emehermanos.com.ar\/tienda\/wp-json\/wp\/v2\/product_brand?post=5668"},{"taxonomy":"product_cat","embeddable":true,"href":"https:\/\/emehermanos.com.ar\/tienda\/wp-json\/wp\/v2\/product_cat?post=5668"},{"taxonomy":"product_tag","embeddable":true,"href":"https:\/\/emehermanos.com.ar\/tienda\/wp-json\/wp\/v2\/product_tag?post=5668"}],"curies":[{"name":"wp","href":"https:\/\/api.w.org\/{rel}","templated":true}]}}