{"id":5659,"date":"2024-01-26T11:41:11","date_gmt":"2024-01-26T14:41:11","guid":{"rendered":"https:\/\/emehermanos.com.ar\/tienda\/?post_type=product&#038;p=5659"},"modified":"2024-01-26T13:04:46","modified_gmt":"2024-01-26T16:04:46","slug":"queso-crema-milkaut-balde-x-3-6-kg","status":"publish","type":"product","link":"https:\/\/emehermanos.com.ar\/tienda\/product\/queso-crema-milkaut-balde-x-3-6-kg\/","title":{"rendered":"Queso Crema Milkaut balde x 3.6 kg"},"content":{"rendered":"<p>Les brinda a todas las preparaciones de pasteler\u00eda y helader\u00eda el sabor aut\u00e9ntico del <em>cream cheese<\/em>. Por su textura, permite ser utilizado con manga sin la necesidad de agregado de espesantes.<\/p>\n","protected":false},"excerpt":{"rendered":"<p>Les brinda a todas las preparaciones de pasteler\u00eda y helader\u00eda el sabor aut\u00e9ntico del cream cheese. Por su textura, permite ser utilizado con manga sin la necesidad de agregado de espesantes.<\/p>\n","protected":false},"featured_media":5660,"template":"","meta":[],"product_brand":[],"product_cat":[157],"product_tag":[],"class_list":{"0":"post-5659","1":"product","2":"type-product","3":"status-publish","4":"has-post-thumbnail","6":"product_cat-lacteos-quesos-blandos","8":"first","9":"instock","10":"shipping-taxable","11":"product-type-simple"},"jetpack_sharing_enabled":true,"_links":{"self":[{"href":"https:\/\/emehermanos.com.ar\/tienda\/wp-json\/wp\/v2\/product\/5659","targetHints":{"allow":["GET"]}}],"collection":[{"href":"https:\/\/emehermanos.com.ar\/tienda\/wp-json\/wp\/v2\/product"}],"about":[{"href":"https:\/\/emehermanos.com.ar\/tienda\/wp-json\/wp\/v2\/types\/product"}],"wp:featuredmedia":[{"embeddable":true,"href":"https:\/\/emehermanos.com.ar\/tienda\/wp-json\/wp\/v2\/media\/5660"}],"wp:attachment":[{"href":"https:\/\/emehermanos.com.ar\/tienda\/wp-json\/wp\/v2\/media?parent=5659"}],"wp:term":[{"taxonomy":"product_brand","embeddable":true,"href":"https:\/\/emehermanos.com.ar\/tienda\/wp-json\/wp\/v2\/product_brand?post=5659"},{"taxonomy":"product_cat","embeddable":true,"href":"https:\/\/emehermanos.com.ar\/tienda\/wp-json\/wp\/v2\/product_cat?post=5659"},{"taxonomy":"product_tag","embeddable":true,"href":"https:\/\/emehermanos.com.ar\/tienda\/wp-json\/wp\/v2\/product_tag?post=5659"}],"curies":[{"name":"wp","href":"https:\/\/api.w.org\/{rel}","templated":true}]}}