{"id":5656,"date":"2024-01-26T11:16:11","date_gmt":"2024-01-26T14:16:11","guid":{"rendered":"https:\/\/emehermanos.com.ar\/tienda\/?post_type=product&#038;p=5656"},"modified":"2024-01-26T11:40:42","modified_gmt":"2024-01-26T14:40:42","slug":"dulce-de-leche-repostero-milkaut-x-10-kg","status":"publish","type":"product","link":"https:\/\/emehermanos.com.ar\/tienda\/product\/dulce-de-leche-repostero-milkaut-x-10-kg\/","title":{"rendered":"Dulce de Leche REPOSTERO Milkaut  x 10 kg"},"content":{"rendered":"<p>De consistencia cremosa y con el dulzor \u00f3ptimo debido al punto de cocci\u00f3n, el Dulce de Leche Repostero Milkaut Profesional es el ingrediente perfecto para la reposter\u00eda y los postres. Ideal para combinar con otros l\u00e1cteos, como cremas y quesos crema, para la elaboraci\u00f3n de rellenos sostenidos y aptos para decorar.<\/p>\n","protected":false},"excerpt":{"rendered":"<p>De consistencia cremosa y con el dulzor \u00f3ptimo debido al punto de cocci\u00f3n, el Dulce de Leche Repostero Milkaut Profesional es el ingrediente perfecto para la reposter\u00eda y los postres. Ideal para combinar con otros l\u00e1cteos, como cremas y quesos crema, para la elaboraci\u00f3n de rellenos sostenidos y aptos para decorar.<\/p>\n","protected":false},"featured_media":5657,"template":"","meta":[],"product_brand":[],"product_cat":[161],"product_tag":[],"class_list":{"0":"post-5656","1":"product","2":"type-product","3":"status-publish","4":"has-post-thumbnail","6":"product_cat-dulce-de-leche","8":"first","9":"instock","10":"shipping-taxable","11":"product-type-simple"},"jetpack_sharing_enabled":true,"_links":{"self":[{"href":"https:\/\/emehermanos.com.ar\/tienda\/wp-json\/wp\/v2\/product\/5656","targetHints":{"allow":["GET"]}}],"collection":[{"href":"https:\/\/emehermanos.com.ar\/tienda\/wp-json\/wp\/v2\/product"}],"about":[{"href":"https:\/\/emehermanos.com.ar\/tienda\/wp-json\/wp\/v2\/types\/product"}],"wp:featuredmedia":[{"embeddable":true,"href":"https:\/\/emehermanos.com.ar\/tienda\/wp-json\/wp\/v2\/media\/5657"}],"wp:attachment":[{"href":"https:\/\/emehermanos.com.ar\/tienda\/wp-json\/wp\/v2\/media?parent=5656"}],"wp:term":[{"taxonomy":"product_brand","embeddable":true,"href":"https:\/\/emehermanos.com.ar\/tienda\/wp-json\/wp\/v2\/product_brand?post=5656"},{"taxonomy":"product_cat","embeddable":true,"href":"https:\/\/emehermanos.com.ar\/tienda\/wp-json\/wp\/v2\/product_cat?post=5656"},{"taxonomy":"product_tag","embeddable":true,"href":"https:\/\/emehermanos.com.ar\/tienda\/wp-json\/wp\/v2\/product_tag?post=5656"}],"curies":[{"name":"wp","href":"https:\/\/api.w.org\/{rel}","templated":true}]}}