{"id":479,"date":"2020-05-08T10:36:16","date_gmt":"2020-05-08T13:36:16","guid":{"rendered":"http:\/\/emehermanos.com.ar\/tienda\/product\/chantilly-premium-calsa-x-3-kg\/"},"modified":"2023-03-21T13:07:44","modified_gmt":"2023-03-21T16:07:44","slug":"chantilly-premium-calsa-x-3-kg","status":"publish","type":"product","link":"https:\/\/emehermanos.com.ar\/tienda\/product\/chantilly-premium-calsa-x-3-kg\/","title":{"rendered":"Premezcla Chantilly Premium CALSA  3 kg"},"content":{"rendered":"<p>Premezcla Chantilly Premium CALSA  3 kg<\/p>\n","protected":false},"excerpt":{"rendered":"<p>Esta crema puede ser utilizada para rellenar, cubrir o decorar tortas, masas finas y porciones entre otras especialidades.<br \/>\nSe le puede incorporar distintos dulces, mermeladas, yogurt o frutas trituradas logrando una muy buena variedad de cremas sin alterar su estabilidad.<br \/>\nTambi\u00e9n se la puede utilizar mezcl\u00e1ndola con cremas l\u00e1cteas, actuando de esta manera como estabilizante.<\/p>\n","protected":false},"featured_media":1230,"template":"","meta":[],"product_brand":[],"product_cat":[178],"product_tag":[],"class_list":{"0":"post-479","1":"product","2":"type-product","3":"status-publish","4":"has-post-thumbnail","6":"product_cat-bakery-cremas-calsa","7":"pa_marca-calsa","9":"first","10":"instock","11":"shipping-taxable","12":"product-type-simple"},"jetpack_sharing_enabled":true,"_links":{"self":[{"href":"https:\/\/emehermanos.com.ar\/tienda\/wp-json\/wp\/v2\/product\/479","targetHints":{"allow":["GET"]}}],"collection":[{"href":"https:\/\/emehermanos.com.ar\/tienda\/wp-json\/wp\/v2\/product"}],"about":[{"href":"https:\/\/emehermanos.com.ar\/tienda\/wp-json\/wp\/v2\/types\/product"}],"wp:featuredmedia":[{"embeddable":true,"href":"https:\/\/emehermanos.com.ar\/tienda\/wp-json\/wp\/v2\/media\/1230"}],"wp:attachment":[{"href":"https:\/\/emehermanos.com.ar\/tienda\/wp-json\/wp\/v2\/media?parent=479"}],"wp:term":[{"taxonomy":"product_brand","embeddable":true,"href":"https:\/\/emehermanos.com.ar\/tienda\/wp-json\/wp\/v2\/product_brand?post=479"},{"taxonomy":"product_cat","embeddable":true,"href":"https:\/\/emehermanos.com.ar\/tienda\/wp-json\/wp\/v2\/product_cat?post=479"},{"taxonomy":"product_tag","embeddable":true,"href":"https:\/\/emehermanos.com.ar\/tienda\/wp-json\/wp\/v2\/product_tag?post=479"}],"curies":[{"name":"wp","href":"https:\/\/api.w.org\/{rel}","templated":true}]}}