{"id":367,"date":"2020-05-08T10:35:21","date_gmt":"2020-05-08T13:35:21","guid":{"rendered":"http:\/\/emehermanos.com.ar\/tienda\/product\/esencia-coco-premiun-x-2-lt\/"},"modified":"2023-03-21T13:07:21","modified_gmt":"2023-03-21T16:07:21","slug":"esencia-coco-premiun-x-2-lt","status":"publish","type":"product","link":"https:\/\/emehermanos.com.ar\/tienda\/product\/esencia-coco-premiun-x-2-lt\/","title":{"rendered":"Esencia Premium Coco CALSA  2 lt"},"content":{"rendered":"<p>Esencia Premium Coco CALSA  2 lt<\/p>\n","protected":false},"excerpt":{"rendered":"<p>Desarrolladas con la m\u00e1s avanzada tecnolog\u00eda logrando una alta concentraci\u00f3n de sabor, mayor resistencia al horneado y sin olor a alcohol. Con esta variedad de\u00a0<strong>esencias<\/strong>\u00a0podemos desarrollar infinidad de productos obteniendo los mejores aromas y sabores.<\/p>\n","protected":false},"featured_media":2217,"template":"","meta":[],"product_brand":[],"product_cat":[179],"product_tag":[],"class_list":{"0":"post-367","1":"product","2":"type-product","3":"status-publish","4":"has-post-thumbnail","6":"product_cat-bakery-esencias-calsa","7":"pa_marca-calsa","9":"first","10":"instock","11":"shipping-taxable","12":"product-type-simple"},"jetpack_sharing_enabled":true,"_links":{"self":[{"href":"https:\/\/emehermanos.com.ar\/tienda\/wp-json\/wp\/v2\/product\/367","targetHints":{"allow":["GET"]}}],"collection":[{"href":"https:\/\/emehermanos.com.ar\/tienda\/wp-json\/wp\/v2\/product"}],"about":[{"href":"https:\/\/emehermanos.com.ar\/tienda\/wp-json\/wp\/v2\/types\/product"}],"wp:featuredmedia":[{"embeddable":true,"href":"https:\/\/emehermanos.com.ar\/tienda\/wp-json\/wp\/v2\/media\/2217"}],"wp:attachment":[{"href":"https:\/\/emehermanos.com.ar\/tienda\/wp-json\/wp\/v2\/media?parent=367"}],"wp:term":[{"taxonomy":"product_brand","embeddable":true,"href":"https:\/\/emehermanos.com.ar\/tienda\/wp-json\/wp\/v2\/product_brand?post=367"},{"taxonomy":"product_cat","embeddable":true,"href":"https:\/\/emehermanos.com.ar\/tienda\/wp-json\/wp\/v2\/product_cat?post=367"},{"taxonomy":"product_tag","embeddable":true,"href":"https:\/\/emehermanos.com.ar\/tienda\/wp-json\/wp\/v2\/product_tag?post=367"}],"curies":[{"name":"wp","href":"https:\/\/api.w.org\/{rel}","templated":true}]}}