{"id":365,"date":"2020-05-08T10:35:21","date_gmt":"2020-05-08T13:35:21","guid":{"rendered":"http:\/\/emehermanos.com.ar\/tienda\/product\/mejormiga-aditivo-x-10-kg\/"},"modified":"2023-03-21T13:07:20","modified_gmt":"2023-03-21T16:07:20","slug":"mejormiga-aditivo-x-10-kg","status":"publish","type":"product","link":"https:\/\/emehermanos.com.ar\/tienda\/product\/mejormiga-aditivo-x-10-kg\/","title":{"rendered":"Mejormiga Aditivo CALSA  10 kg"},"content":{"rendered":"<p>Mejormiga Aditivo CALSA  10 kg<\/p>\n","protected":false},"excerpt":{"rendered":"<p>Especialmente desarrollado para elaborar panificados garantizando una miga m\u00e1s blanca, mayor frescura y conservaci\u00f3n, y el alveolado m\u00e1s cerrado y parejo. Ideal para boller\u00eda, \u00a0pan ingl\u00e9s, pan de molde, pebetes, pizzas, panes dulces, etc.<\/p>\n","protected":false},"featured_media":1134,"template":"","meta":[],"product_brand":[],"product_cat":[168],"product_tag":[],"class_list":{"0":"post-365","1":"product","2":"type-product","3":"status-publish","4":"has-post-thumbnail","6":"product_cat-mejoradores-aditivos","7":"pa_marca-calsa","9":"first","10":"instock","11":"shipping-taxable","12":"product-type-simple"},"jetpack_sharing_enabled":true,"_links":{"self":[{"href":"https:\/\/emehermanos.com.ar\/tienda\/wp-json\/wp\/v2\/product\/365","targetHints":{"allow":["GET"]}}],"collection":[{"href":"https:\/\/emehermanos.com.ar\/tienda\/wp-json\/wp\/v2\/product"}],"about":[{"href":"https:\/\/emehermanos.com.ar\/tienda\/wp-json\/wp\/v2\/types\/product"}],"wp:featuredmedia":[{"embeddable":true,"href":"https:\/\/emehermanos.com.ar\/tienda\/wp-json\/wp\/v2\/media\/1134"}],"wp:attachment":[{"href":"https:\/\/emehermanos.com.ar\/tienda\/wp-json\/wp\/v2\/media?parent=365"}],"wp:term":[{"taxonomy":"product_brand","embeddable":true,"href":"https:\/\/emehermanos.com.ar\/tienda\/wp-json\/wp\/v2\/product_brand?post=365"},{"taxonomy":"product_cat","embeddable":true,"href":"https:\/\/emehermanos.com.ar\/tienda\/wp-json\/wp\/v2\/product_cat?post=365"},{"taxonomy":"product_tag","embeddable":true,"href":"https:\/\/emehermanos.com.ar\/tienda\/wp-json\/wp\/v2\/product_tag?post=365"}],"curies":[{"name":"wp","href":"https:\/\/api.w.org\/{rel}","templated":true}]}}