{"id":349,"date":"2020-05-08T10:35:04","date_gmt":"2020-05-08T13:35:04","guid":{"rendered":"http:\/\/emehermanos.com.ar\/tienda\/product\/extramalt-diastasico-x-12-kg\/"},"modified":"2023-03-21T13:07:18","modified_gmt":"2023-03-21T16:07:18","slug":"extramalt-diastasico-x-12-kg","status":"publish","type":"product","link":"https:\/\/emehermanos.com.ar\/tienda\/product\/extramalt-diastasico-x-12-kg\/","title":{"rendered":"ExtraMalt Diastasico CALSA  12 kg"},"content":{"rendered":"<p>ExtraMalt Diastasico CALSA  12 kg<\/p>\n","protected":false},"excerpt":{"rendered":"<p>Con nuestra amplia gama de mejoradores L\u00ednea de Plata podr\u00e1s contar con un aliado incondicional que te permitir\u00e1 elaborar tus panificados manteniendo durante todo el a\u00f1o la misma calidad diferenciada que merecen tus clientes y cuidando su salud, garantizando productos libres de bromato en tu panader\u00eda.<\/p>\n","protected":false},"featured_media":1424,"template":"","meta":[],"product_brand":[],"product_cat":[182],"product_tag":[],"class_list":{"0":"post-349","1":"product","2":"type-product","3":"status-publish","4":"has-post-thumbnail","6":"product_cat-bakery-malteados-calsa","7":"pa_marca-calsa","9":"first","10":"instock","11":"shipping-taxable","12":"product-type-simple"},"jetpack_sharing_enabled":true,"_links":{"self":[{"href":"https:\/\/emehermanos.com.ar\/tienda\/wp-json\/wp\/v2\/product\/349","targetHints":{"allow":["GET"]}}],"collection":[{"href":"https:\/\/emehermanos.com.ar\/tienda\/wp-json\/wp\/v2\/product"}],"about":[{"href":"https:\/\/emehermanos.com.ar\/tienda\/wp-json\/wp\/v2\/types\/product"}],"wp:featuredmedia":[{"embeddable":true,"href":"https:\/\/emehermanos.com.ar\/tienda\/wp-json\/wp\/v2\/media\/1424"}],"wp:attachment":[{"href":"https:\/\/emehermanos.com.ar\/tienda\/wp-json\/wp\/v2\/media?parent=349"}],"wp:term":[{"taxonomy":"product_brand","embeddable":true,"href":"https:\/\/emehermanos.com.ar\/tienda\/wp-json\/wp\/v2\/product_brand?post=349"},{"taxonomy":"product_cat","embeddable":true,"href":"https:\/\/emehermanos.com.ar\/tienda\/wp-json\/wp\/v2\/product_cat?post=349"},{"taxonomy":"product_tag","embeddable":true,"href":"https:\/\/emehermanos.com.ar\/tienda\/wp-json\/wp\/v2\/product_tag?post=349"}],"curies":[{"name":"wp","href":"https:\/\/api.w.org\/{rel}","templated":true}]}}