{"id":345,"date":"2020-05-08T10:35:03","date_gmt":"2020-05-08T13:35:03","guid":{"rendered":"http:\/\/emehermanos.com.ar\/tienda\/product\/maltarina-harina-de-malta-10-kg\/"},"modified":"2023-03-21T13:07:17","modified_gmt":"2023-03-21T16:07:17","slug":"maltarina-harina-de-malta-10-kg","status":"publish","type":"product","link":"https:\/\/emehermanos.com.ar\/tienda\/product\/maltarina-harina-de-malta-10-kg\/","title":{"rendered":"Maltarina (Harina de malta) CALSA  10 kg"},"content":{"rendered":"<p>Maltarina (Harina de malta) CALSA  10 kg<\/p>\n","protected":false},"excerpt":{"rendered":"<p>Este producto se puede utilizar en distintas recetas de pan franc\u00e9s, pebetes, pan de panchos, pan de hamburguesas, como as\u00ed tambi\u00e9n para recetas de galletitas tipo crackers y grisines.<\/p>\n","protected":false},"featured_media":1136,"template":"","meta":[],"product_brand":[],"product_cat":[182],"product_tag":[],"class_list":{"0":"post-345","1":"product","2":"type-product","3":"status-publish","4":"has-post-thumbnail","6":"product_cat-bakery-malteados-calsa","7":"pa_marca-calsa","9":"first","10":"instock","11":"shipping-taxable","12":"product-type-simple"},"jetpack_sharing_enabled":true,"_links":{"self":[{"href":"https:\/\/emehermanos.com.ar\/tienda\/wp-json\/wp\/v2\/product\/345","targetHints":{"allow":["GET"]}}],"collection":[{"href":"https:\/\/emehermanos.com.ar\/tienda\/wp-json\/wp\/v2\/product"}],"about":[{"href":"https:\/\/emehermanos.com.ar\/tienda\/wp-json\/wp\/v2\/types\/product"}],"wp:featuredmedia":[{"embeddable":true,"href":"https:\/\/emehermanos.com.ar\/tienda\/wp-json\/wp\/v2\/media\/1136"}],"wp:attachment":[{"href":"https:\/\/emehermanos.com.ar\/tienda\/wp-json\/wp\/v2\/media?parent=345"}],"wp:term":[{"taxonomy":"product_brand","embeddable":true,"href":"https:\/\/emehermanos.com.ar\/tienda\/wp-json\/wp\/v2\/product_brand?post=345"},{"taxonomy":"product_cat","embeddable":true,"href":"https:\/\/emehermanos.com.ar\/tienda\/wp-json\/wp\/v2\/product_cat?post=345"},{"taxonomy":"product_tag","embeddable":true,"href":"https:\/\/emehermanos.com.ar\/tienda\/wp-json\/wp\/v2\/product_tag?post=345"}],"curies":[{"name":"wp","href":"https:\/\/api.w.org\/{rel}","templated":true}]}}