{"id":335,"date":"2020-05-08T10:35:00","date_gmt":"2020-05-08T13:35:00","guid":{"rendered":"http:\/\/emehermanos.com.ar\/tienda\/product\/selecta-melange-masas-x-5-kg\/"},"modified":"2023-03-21T13:07:14","modified_gmt":"2023-03-21T16:07:14","slug":"selecta-melange-masas-x-5-kg","status":"publish","type":"product","link":"https:\/\/emehermanos.com.ar\/tienda\/product\/selecta-melange-masas-x-5-kg\/","title":{"rendered":"SELECTA Melange Masas CALSA  5 kg"},"content":{"rendered":"<p>SELECTA Melange Masas CALSA  5 kg<\/p>\n","protected":false},"excerpt":{"rendered":"<p>Selecta es la primera Melange del pa\u00eds. Melange es una nueva categor\u00eda en productos grasos, una nueva soluci\u00f3n que combina los mejores ingredientes para acercarte el sabor, aroma y suavidad\u00a0de la manteca con la plasticidad que siempre buscaste.<\/p>\n<p>Ideal para elaboraciones con alto contenido de manteca como budines, masas secas y medialunas.<\/p>\n","protected":false},"featured_media":5131,"template":"","meta":[],"product_brand":[],"product_cat":[164],"product_tag":[],"class_list":{"0":"post-335","1":"product","2":"type-product","3":"status-publish","4":"has-post-thumbnail","6":"product_cat-margarinas","7":"pa_marca-calsa","9":"first","10":"instock","11":"shipping-taxable","12":"product-type-simple"},"jetpack_sharing_enabled":true,"_links":{"self":[{"href":"https:\/\/emehermanos.com.ar\/tienda\/wp-json\/wp\/v2\/product\/335","targetHints":{"allow":["GET"]}}],"collection":[{"href":"https:\/\/emehermanos.com.ar\/tienda\/wp-json\/wp\/v2\/product"}],"about":[{"href":"https:\/\/emehermanos.com.ar\/tienda\/wp-json\/wp\/v2\/types\/product"}],"wp:featuredmedia":[{"embeddable":true,"href":"https:\/\/emehermanos.com.ar\/tienda\/wp-json\/wp\/v2\/media\/5131"}],"wp:attachment":[{"href":"https:\/\/emehermanos.com.ar\/tienda\/wp-json\/wp\/v2\/media?parent=335"}],"wp:term":[{"taxonomy":"product_brand","embeddable":true,"href":"https:\/\/emehermanos.com.ar\/tienda\/wp-json\/wp\/v2\/product_brand?post=335"},{"taxonomy":"product_cat","embeddable":true,"href":"https:\/\/emehermanos.com.ar\/tienda\/wp-json\/wp\/v2\/product_cat?post=335"},{"taxonomy":"product_tag","embeddable":true,"href":"https:\/\/emehermanos.com.ar\/tienda\/wp-json\/wp\/v2\/product_tag?post=335"}],"curies":[{"name":"wp","href":"https:\/\/api.w.org\/{rel}","templated":true}]}}