{"id":333,"date":"2020-05-08T10:34:59","date_gmt":"2020-05-08T13:34:59","guid":{"rendered":"http:\/\/emehermanos.com.ar\/tienda\/product\/mtk-repostera-0-trans-x-5-kg\/"},"modified":"2023-03-21T13:07:13","modified_gmt":"2023-03-21T16:07:13","slug":"mtk-repostera-0-trans-x-5-kg","status":"publish","type":"product","link":"https:\/\/emehermanos.com.ar\/tienda\/product\/mtk-repostera-0-trans-x-5-kg\/","title":{"rendered":"MTK Repostera 0% Trans  5 kg"},"content":{"rendered":"<p>MTK Repostera 0% Trans  5 kg<\/p>\n","protected":false},"excerpt":{"rendered":"<p>MTK es la margarina l\u00edder del mercado, la elegida para darle a tus productos una calidad superior.Es la margarina reconocida por su calidad, excelente plasticidad y adaptabilidad para realizar todo tipo de productos.Desde su lanzamiento mtk ha revolucionado el mercado, ofreci\u00e9ndote una margarina con agregado de manteca.Ahora, MTK es low trans, con el sabor a manteca, aroma y desempe\u00f1o de siempre. Pero ahora, m\u00e1s saludable.<\/p>\n","protected":false},"featured_media":2291,"template":"","meta":[],"product_brand":[],"product_cat":[164],"product_tag":[],"class_list":{"0":"post-333","1":"product","2":"type-product","3":"status-publish","4":"has-post-thumbnail","6":"product_cat-margarinas","7":"pa_marca-calsa","9":"first","10":"instock","11":"shipping-taxable","12":"product-type-simple"},"jetpack_sharing_enabled":true,"_links":{"self":[{"href":"https:\/\/emehermanos.com.ar\/tienda\/wp-json\/wp\/v2\/product\/333","targetHints":{"allow":["GET"]}}],"collection":[{"href":"https:\/\/emehermanos.com.ar\/tienda\/wp-json\/wp\/v2\/product"}],"about":[{"href":"https:\/\/emehermanos.com.ar\/tienda\/wp-json\/wp\/v2\/types\/product"}],"wp:featuredmedia":[{"embeddable":true,"href":"https:\/\/emehermanos.com.ar\/tienda\/wp-json\/wp\/v2\/media\/2291"}],"wp:attachment":[{"href":"https:\/\/emehermanos.com.ar\/tienda\/wp-json\/wp\/v2\/media?parent=333"}],"wp:term":[{"taxonomy":"product_brand","embeddable":true,"href":"https:\/\/emehermanos.com.ar\/tienda\/wp-json\/wp\/v2\/product_brand?post=333"},{"taxonomy":"product_cat","embeddable":true,"href":"https:\/\/emehermanos.com.ar\/tienda\/wp-json\/wp\/v2\/product_cat?post=333"},{"taxonomy":"product_tag","embeddable":true,"href":"https:\/\/emehermanos.com.ar\/tienda\/wp-json\/wp\/v2\/product_tag?post=333"}],"curies":[{"name":"wp","href":"https:\/\/api.w.org\/{rel}","templated":true}]}}