{"id":323,"date":"2020-05-08T10:34:23","date_gmt":"2020-05-08T13:34:23","guid":{"rendered":"http:\/\/emehermanos.com.ar\/tienda\/product\/super-calsa-pilon-x-10-kg\/"},"modified":"2023-03-21T13:07:09","modified_gmt":"2023-03-21T16:07:09","slug":"super-calsa-pilon-x-10-kg","status":"publish","type":"product","link":"https:\/\/emehermanos.com.ar\/tienda\/product\/super-calsa-pilon-x-10-kg\/","title":{"rendered":"Super CALSA (pilon)  10 kg"},"content":{"rendered":"<p>Super CALSA (pilon)  10 kg<\/p>\n","protected":false},"excerpt":{"rendered":"<p>Es una margarina robusta, para realizar hojaldres de forma directa, sin necesidad de refrigerado.<br \/>\nPermite un buen desarrollo de los hojaldres y una buena separaci\u00f3n de capas.<br \/>\nSu textura permite trabajarla sin empaste, siendo pl\u00e1stica y resistente al trabajo de hojaldrado.<br \/>\nSu versi\u00f3n placas facilita el trabajo, ya que no necesita preparaci\u00f3n previa en el armado del bast\u00f3n<\/p>\n<p>Se recomienda para realizar hojaldres, facturer\u00eda y bizcocher\u00eda en general.<\/p>\n","protected":false},"featured_media":1397,"template":"","meta":[],"product_brand":[],"product_cat":[164],"product_tag":[],"class_list":{"0":"post-323","1":"product","2":"type-product","3":"status-publish","4":"has-post-thumbnail","6":"product_cat-margarinas","7":"pa_marca-calsa","9":"first","10":"instock","11":"shipping-taxable","12":"product-type-simple"},"jetpack_sharing_enabled":true,"_links":{"self":[{"href":"https:\/\/emehermanos.com.ar\/tienda\/wp-json\/wp\/v2\/product\/323","targetHints":{"allow":["GET"]}}],"collection":[{"href":"https:\/\/emehermanos.com.ar\/tienda\/wp-json\/wp\/v2\/product"}],"about":[{"href":"https:\/\/emehermanos.com.ar\/tienda\/wp-json\/wp\/v2\/types\/product"}],"wp:featuredmedia":[{"embeddable":true,"href":"https:\/\/emehermanos.com.ar\/tienda\/wp-json\/wp\/v2\/media\/1397"}],"wp:attachment":[{"href":"https:\/\/emehermanos.com.ar\/tienda\/wp-json\/wp\/v2\/media?parent=323"}],"wp:term":[{"taxonomy":"product_brand","embeddable":true,"href":"https:\/\/emehermanos.com.ar\/tienda\/wp-json\/wp\/v2\/product_brand?post=323"},{"taxonomy":"product_cat","embeddable":true,"href":"https:\/\/emehermanos.com.ar\/tienda\/wp-json\/wp\/v2\/product_cat?post=323"},{"taxonomy":"product_tag","embeddable":true,"href":"https:\/\/emehermanos.com.ar\/tienda\/wp-json\/wp\/v2\/product_tag?post=323"}],"curies":[{"name":"wp","href":"https:\/\/api.w.org\/{rel}","templated":true}]}}