{"id":321,"date":"2020-05-08T10:34:11","date_gmt":"2020-05-08T13:34:11","guid":{"rendered":"http:\/\/emehermanos.com.ar\/tienda\/product\/milhojas-calsa-x-10-kg\/"},"modified":"2023-03-21T13:07:05","modified_gmt":"2023-03-21T16:07:05","slug":"milhojas-calsa-x-10-kg","status":"publish","type":"product","link":"https:\/\/emehermanos.com.ar\/tienda\/product\/milhojas-calsa-x-10-kg\/","title":{"rendered":"Milhojas CALSA  10 kg"},"content":{"rendered":"<p>Milhojas CALSA  10 kg<\/p>\n","protected":false},"excerpt":{"rendered":"<p>Es una margarina ideal para realizar hojaldres directos, dado que por su textura no necesita empastar ni refrigerar los bastones.<br \/>\nSu consistencia pl\u00e1stica permite un buen trabajo, para la obtenci\u00f3n de hojaldres definidos y desarrollados.<\/p>\n<p>Se recomienda su uso para la elaboraci\u00f3n de hojaldres, facturer\u00eda y bizcocher\u00eda en general.<\/p>\n","protected":false},"featured_media":1269,"template":"","meta":[],"product_brand":[],"product_cat":[164],"product_tag":[],"class_list":{"0":"post-321","1":"product","2":"type-product","3":"status-publish","4":"has-post-thumbnail","6":"product_cat-margarinas","7":"pa_marca-calsa","9":"first","10":"instock","11":"shipping-taxable","12":"product-type-simple"},"jetpack_sharing_enabled":true,"_links":{"self":[{"href":"https:\/\/emehermanos.com.ar\/tienda\/wp-json\/wp\/v2\/product\/321","targetHints":{"allow":["GET"]}}],"collection":[{"href":"https:\/\/emehermanos.com.ar\/tienda\/wp-json\/wp\/v2\/product"}],"about":[{"href":"https:\/\/emehermanos.com.ar\/tienda\/wp-json\/wp\/v2\/types\/product"}],"wp:featuredmedia":[{"embeddable":true,"href":"https:\/\/emehermanos.com.ar\/tienda\/wp-json\/wp\/v2\/media\/1269"}],"wp:attachment":[{"href":"https:\/\/emehermanos.com.ar\/tienda\/wp-json\/wp\/v2\/media?parent=321"}],"wp:term":[{"taxonomy":"product_brand","embeddable":true,"href":"https:\/\/emehermanos.com.ar\/tienda\/wp-json\/wp\/v2\/product_brand?post=321"},{"taxonomy":"product_cat","embeddable":true,"href":"https:\/\/emehermanos.com.ar\/tienda\/wp-json\/wp\/v2\/product_cat?post=321"},{"taxonomy":"product_tag","embeddable":true,"href":"https:\/\/emehermanos.com.ar\/tienda\/wp-json\/wp\/v2\/product_tag?post=321"}],"curies":[{"name":"wp","href":"https:\/\/api.w.org\/{rel}","templated":true}]}}