{"id":317,"date":"2020-05-08T10:34:10","date_gmt":"2020-05-08T13:34:10","guid":{"rendered":"http:\/\/emehermanos.com.ar\/tienda\/product\/prem-pan-dulce-calsa-x-10-kg\/"},"modified":"2023-03-21T13:07:05","modified_gmt":"2023-03-21T16:07:05","slug":"prem-pan-dulce-calsa-x-10-kg","status":"publish","type":"product","link":"https:\/\/emehermanos.com.ar\/tienda\/product\/prem-pan-dulce-calsa-x-10-kg\/","title":{"rendered":"Premezcla Pan Dulce CALSA  10 kg"},"content":{"rendered":"<p>Premezcla Pan Dulce CALSA  10 kg<\/p>\n","protected":false},"excerpt":{"rendered":"<p>Con esta premezcla se pueden elaborar productos con muy buen volumen, humedad y sabor.<br \/>\nEntre las elaboraciones que podemos desarrollar con esta premezcla encontramos el pan dulce milan\u00e9s, pan dulce genov\u00e9s, stollen y pan dulce alem\u00e1n.<br \/>\nTambi\u00e9n se pueden realizar panes de naranja, torta h\u00fangara, torta alemana, Bienestich, etc.<\/p>\n","protected":false},"featured_media":1155,"template":"","meta":[],"product_brand":[],"product_cat":[181],"product_tag":[],"class_list":{"0":"post-317","1":"product","2":"type-product","3":"status-publish","4":"has-post-thumbnail","6":"product_cat-bakery-premezclas-calsa","7":"pa_marca-calsa","9":"first","10":"instock","11":"shipping-taxable","12":"product-type-simple"},"jetpack_sharing_enabled":true,"_links":{"self":[{"href":"https:\/\/emehermanos.com.ar\/tienda\/wp-json\/wp\/v2\/product\/317","targetHints":{"allow":["GET"]}}],"collection":[{"href":"https:\/\/emehermanos.com.ar\/tienda\/wp-json\/wp\/v2\/product"}],"about":[{"href":"https:\/\/emehermanos.com.ar\/tienda\/wp-json\/wp\/v2\/types\/product"}],"wp:featuredmedia":[{"embeddable":true,"href":"https:\/\/emehermanos.com.ar\/tienda\/wp-json\/wp\/v2\/media\/1155"}],"wp:attachment":[{"href":"https:\/\/emehermanos.com.ar\/tienda\/wp-json\/wp\/v2\/media?parent=317"}],"wp:term":[{"taxonomy":"product_brand","embeddable":true,"href":"https:\/\/emehermanos.com.ar\/tienda\/wp-json\/wp\/v2\/product_brand?post=317"},{"taxonomy":"product_cat","embeddable":true,"href":"https:\/\/emehermanos.com.ar\/tienda\/wp-json\/wp\/v2\/product_cat?post=317"},{"taxonomy":"product_tag","embeddable":true,"href":"https:\/\/emehermanos.com.ar\/tienda\/wp-json\/wp\/v2\/product_tag?post=317"}],"curies":[{"name":"wp","href":"https:\/\/api.w.org\/{rel}","templated":true}]}}