{"id":301,"date":"2020-05-08T10:33:52","date_gmt":"2020-05-08T13:33:52","guid":{"rendered":"http:\/\/emehermanos.com.ar\/tienda\/product\/pastelgras-calsa-20-kg\/"},"modified":"2023-03-21T13:07:02","modified_gmt":"2023-03-21T16:07:02","slug":"pastelgras-calsa-20-kg-2","status":"publish","type":"product","link":"https:\/\/emehermanos.com.ar\/tienda\/product\/pastelgras-calsa-20-kg-2\/","title":{"rendered":"Pastelgras CALSA  20 kg"},"content":{"rendered":"<p>Pastelgras CALSA  20 kg<\/p>\n","protected":false},"excerpt":{"rendered":"<p>Es ideal para utilizar como integrante de masas, en la elaboraci\u00f3n de todo tipo de galletiter\u00eda, bizcocher\u00eda de grasa como criollito cordob\u00e9s, cremonas y cuernitos.<br \/>\nPor su excelente plasticidad, es ideal para realizar facturas de grasa, incluso en climas c\u00e1lidos.<\/p>\n","protected":false},"featured_media":1248,"template":"","meta":[],"product_brand":[],"product_cat":[163],"product_tag":[],"class_list":{"0":"post-301","1":"product","2":"type-product","3":"status-publish","4":"has-post-thumbnail","6":"product_cat-grasas","7":"pa_marca-calsa","9":"first","10":"instock","11":"shipping-taxable","12":"product-type-simple"},"jetpack_sharing_enabled":true,"_links":{"self":[{"href":"https:\/\/emehermanos.com.ar\/tienda\/wp-json\/wp\/v2\/product\/301","targetHints":{"allow":["GET"]}}],"collection":[{"href":"https:\/\/emehermanos.com.ar\/tienda\/wp-json\/wp\/v2\/product"}],"about":[{"href":"https:\/\/emehermanos.com.ar\/tienda\/wp-json\/wp\/v2\/types\/product"}],"wp:featuredmedia":[{"embeddable":true,"href":"https:\/\/emehermanos.com.ar\/tienda\/wp-json\/wp\/v2\/media\/1248"}],"wp:attachment":[{"href":"https:\/\/emehermanos.com.ar\/tienda\/wp-json\/wp\/v2\/media?parent=301"}],"wp:term":[{"taxonomy":"product_brand","embeddable":true,"href":"https:\/\/emehermanos.com.ar\/tienda\/wp-json\/wp\/v2\/product_brand?post=301"},{"taxonomy":"product_cat","embeddable":true,"href":"https:\/\/emehermanos.com.ar\/tienda\/wp-json\/wp\/v2\/product_cat?post=301"},{"taxonomy":"product_tag","embeddable":true,"href":"https:\/\/emehermanos.com.ar\/tienda\/wp-json\/wp\/v2\/product_tag?post=301"}],"curies":[{"name":"wp","href":"https:\/\/api.w.org\/{rel}","templated":true}]}}