{"id":243,"date":"2020-05-08T10:33:18","date_gmt":"2020-05-08T13:33:18","guid":{"rendered":"http:\/\/emehermanos.com.ar\/tienda\/product\/alfajorero-s-a-fleisch-x-3-kg\/"},"modified":"2023-03-21T13:06:41","modified_gmt":"2023-03-21T16:06:41","slug":"alfajorero-s-a-fleisch-x-3-kg","status":"publish","type":"product","link":"https:\/\/emehermanos.com.ar\/tienda\/product\/alfajorero-s-a-fleisch-x-3-kg\/","title":{"rendered":"Alfajorero Semi Amargo CALSA  3 kg"},"content":{"rendered":"<p>Alfajorero Semi Amargo CALSA  3 kg<\/p>\n","protected":false},"excerpt":{"rendered":"<p>Con este tipo de ba\u00f1os podremos cubrir todo tipo de alfajores, copitos de dulce de leche, masas secas de corte y masas secas batidas como as\u00ed tambi\u00e9n tartas y tortas, logrando cubiertas finas y brillantes.<\/p>\n","protected":false},"featured_media":2127,"template":"","meta":[],"product_brand":[],"product_cat":[180],"product_tag":[],"class_list":{"0":"post-243","1":"product","2":"type-product","3":"status-publish","4":"has-post-thumbnail","6":"product_cat-bakery-chocolates-calsa","7":"pa_marca-calsa","9":"first","10":"instock","11":"shipping-taxable","12":"product-type-simple"},"jetpack_sharing_enabled":true,"_links":{"self":[{"href":"https:\/\/emehermanos.com.ar\/tienda\/wp-json\/wp\/v2\/product\/243","targetHints":{"allow":["GET"]}}],"collection":[{"href":"https:\/\/emehermanos.com.ar\/tienda\/wp-json\/wp\/v2\/product"}],"about":[{"href":"https:\/\/emehermanos.com.ar\/tienda\/wp-json\/wp\/v2\/types\/product"}],"wp:featuredmedia":[{"embeddable":true,"href":"https:\/\/emehermanos.com.ar\/tienda\/wp-json\/wp\/v2\/media\/2127"}],"wp:attachment":[{"href":"https:\/\/emehermanos.com.ar\/tienda\/wp-json\/wp\/v2\/media?parent=243"}],"wp:term":[{"taxonomy":"product_brand","embeddable":true,"href":"https:\/\/emehermanos.com.ar\/tienda\/wp-json\/wp\/v2\/product_brand?post=243"},{"taxonomy":"product_cat","embeddable":true,"href":"https:\/\/emehermanos.com.ar\/tienda\/wp-json\/wp\/v2\/product_cat?post=243"},{"taxonomy":"product_tag","embeddable":true,"href":"https:\/\/emehermanos.com.ar\/tienda\/wp-json\/wp\/v2\/product_tag?post=243"}],"curies":[{"name":"wp","href":"https:\/\/api.w.org\/{rel}","templated":true}]}}