{"id":242,"date":"2020-05-08T10:33:18","date_gmt":"2020-05-08T13:33:18","guid":{"rendered":"http:\/\/emehermanos.com.ar\/tienda\/product\/brillo-destello-balde-x-4-4-kg\/"},"modified":"2023-03-21T13:06:50","modified_gmt":"2023-03-21T16:06:50","slug":"brillo-destello-balde-x-4-4-kg","status":"publish","type":"product","link":"https:\/\/emehermanos.com.ar\/tienda\/product\/brillo-destello-balde-x-4-4-kg\/","title":{"rendered":"Brillo listo DESTELLO  4.4 kg"},"content":{"rendered":"<p>Brillo listo DESTELLO  4.4 kg<\/p>\n","protected":false},"excerpt":{"rendered":"<h4 class=\"prod-desc\">Gel de brillo listo para usar. Recomendado para terminaciones finas y delicadas. Su aplicaci\u00f3n es directa.<\/h4>\n<p>Este brillo puede ser empleado en todo tipo de decoraciones donde se utilizan frutas, evitando su oxidaci\u00f3n y deshidrataci\u00f3n por contacto con el aire. Al trabajarse a temperatura ambiente puede ser aplicado en el momento sobre postres semifr\u00edos, porciones individuales, decoraciones con frutas frescas y frutas procesadas. Permite la aplicaci\u00f3n directa sobre cremas. Es ideal para detallar masas finas y petit fours. Este producto tambi\u00e9n puede ser utilizado en postres y barras heladas. Para aplicaciones decorativas se lo puede caramelizar en el horno como tambi\u00e9n se puede trabajar con cartucho de papel. Permite el agregado de esencias y colorantes siendo posible el uso de cualquier tipo y sabor de fruta (especialmente Destello Neutro). Es un producto muy utilizado en reposter\u00eda fina donde el detalle es muy importante.<\/p>\n","protected":false},"featured_media":2257,"template":"","meta":[],"product_brand":[],"product_cat":[152],"product_tag":[],"class_list":{"0":"post-242","1":"product","2":"type-product","3":"status-publish","4":"has-post-thumbnail","6":"product_cat-mermeladas-y-jaleas","7":"pa_marca-ledevit-srl","9":"first","10":"instock","11":"shipping-taxable","12":"product-type-simple"},"jetpack_sharing_enabled":true,"_links":{"self":[{"href":"https:\/\/emehermanos.com.ar\/tienda\/wp-json\/wp\/v2\/product\/242","targetHints":{"allow":["GET"]}}],"collection":[{"href":"https:\/\/emehermanos.com.ar\/tienda\/wp-json\/wp\/v2\/product"}],"about":[{"href":"https:\/\/emehermanos.com.ar\/tienda\/wp-json\/wp\/v2\/types\/product"}],"wp:featuredmedia":[{"embeddable":true,"href":"https:\/\/emehermanos.com.ar\/tienda\/wp-json\/wp\/v2\/media\/2257"}],"wp:attachment":[{"href":"https:\/\/emehermanos.com.ar\/tienda\/wp-json\/wp\/v2\/media?parent=242"}],"wp:term":[{"taxonomy":"product_brand","embeddable":true,"href":"https:\/\/emehermanos.com.ar\/tienda\/wp-json\/wp\/v2\/product_brand?post=242"},{"taxonomy":"product_cat","embeddable":true,"href":"https:\/\/emehermanos.com.ar\/tienda\/wp-json\/wp\/v2\/product_cat?post=242"},{"taxonomy":"product_tag","embeddable":true,"href":"https:\/\/emehermanos.com.ar\/tienda\/wp-json\/wp\/v2\/product_tag?post=242"}],"curies":[{"name":"wp","href":"https:\/\/api.w.org\/{rel}","templated":true}]}}