{"id":226,"date":"2020-05-08T10:32:51","date_gmt":"2020-05-08T13:32:51","guid":{"rendered":"http:\/\/emehermanos.com.ar\/tienda\/product\/relleno-ledevit-chantilly-1000-cc\/"},"modified":"2024-01-26T11:09:28","modified_gmt":"2024-01-26T14:09:28","slug":"relleno-ledevit-chantilly-1000-cc","status":"publish","type":"product","link":"https:\/\/emehermanos.com.ar\/tienda\/product\/relleno-ledevit-chantilly-1000-cc\/","title":{"rendered":"Relleno Chantilly LEDEVIT  1000 cc"},"content":{"rendered":"<p>Relleno Chantilly LEDEVIT  1000 cc<\/p>\n","protected":false},"excerpt":{"rendered":"<h4 class=\"prod-desc\">Cremas listas para batir, ideales para una nueva pasteler\u00eda m\u00e1s \u00e1gil, m\u00e1s productiva y m\u00e1s pr\u00e1ctica.<\/h4>\n<p>Se destacan por la personalidad de sus sabores, excelente textura y aspecto, con un gran desarrollo de volumen. Ofrecen estabilidad y duraci\u00f3n en el postre. Son ideales para: rellenar, cubrir y decorar todo tipo de tortas, postres y masas finas. Pueden freezarse.<\/p>\n","protected":false},"featured_media":5471,"template":"","meta":[],"product_brand":[],"product_cat":[50],"product_tag":[],"class_list":{"0":"post-226","1":"product","2":"type-product","3":"status-publish","4":"has-post-thumbnail","6":"product_cat-reposteria","7":"pa_marca-ledevit-srl","9":"first","10":"instock","11":"shipping-taxable","12":"product-type-simple"},"jetpack_sharing_enabled":true,"_links":{"self":[{"href":"https:\/\/emehermanos.com.ar\/tienda\/wp-json\/wp\/v2\/product\/226","targetHints":{"allow":["GET"]}}],"collection":[{"href":"https:\/\/emehermanos.com.ar\/tienda\/wp-json\/wp\/v2\/product"}],"about":[{"href":"https:\/\/emehermanos.com.ar\/tienda\/wp-json\/wp\/v2\/types\/product"}],"wp:featuredmedia":[{"embeddable":true,"href":"https:\/\/emehermanos.com.ar\/tienda\/wp-json\/wp\/v2\/media\/5471"}],"wp:attachment":[{"href":"https:\/\/emehermanos.com.ar\/tienda\/wp-json\/wp\/v2\/media?parent=226"}],"wp:term":[{"taxonomy":"product_brand","embeddable":true,"href":"https:\/\/emehermanos.com.ar\/tienda\/wp-json\/wp\/v2\/product_brand?post=226"},{"taxonomy":"product_cat","embeddable":true,"href":"https:\/\/emehermanos.com.ar\/tienda\/wp-json\/wp\/v2\/product_cat?post=226"},{"taxonomy":"product_tag","embeddable":true,"href":"https:\/\/emehermanos.com.ar\/tienda\/wp-json\/wp\/v2\/product_tag?post=226"}],"curies":[{"name":"wp","href":"https:\/\/api.w.org\/{rel}","templated":true}]}}