{"id":1594,"date":"2020-09-29T09:14:18","date_gmt":"2020-09-29T12:14:18","guid":{"rendered":"https:\/\/emehermanos.com.ar\/tienda\/product\/chantilly-polvo-x-250-ledevit\/"},"modified":"2023-03-21T13:06:48","modified_gmt":"2023-03-21T16:06:48","slug":"chantilly-polvo-x-250-ledevit","status":"publish","type":"product","link":"https:\/\/emehermanos.com.ar\/tienda\/product\/chantilly-polvo-x-250-ledevit\/","title":{"rendered":"Chantilly en Polvo LEDEVIT  250 kg"},"content":{"rendered":"<p>Chantilly en Polvo LEDEVIT  250 kg<\/p>\n","protected":false},"excerpt":{"rendered":"<h4 class=\"prod-desc\">Polvo instant\u00e1neo para preparar crema chantilly de exquisito sabor, excelente volumen y gran estabilidad.<\/h4>\n<p>La crema Chantilly en polvo es una excelente opci\u00f3n para rellenar y decorar tortas. Partiendo de un exquisito sabor l\u00e1cteo y sumado a una sencilla preparaci\u00f3n nos permite usarla en cualquier receta donde prime la crema. Tambi\u00e9n se puede colorear y saborizar a gusto.<\/p>\n","protected":false},"featured_media":5118,"template":"","meta":[],"product_brand":[],"product_cat":[50],"product_tag":[],"class_list":{"0":"post-1594","1":"product","2":"type-product","3":"status-publish","4":"has-post-thumbnail","6":"product_cat-reposteria","7":"pa_marca-ledevit-srl","9":"first","10":"instock","11":"shipping-taxable","12":"product-type-simple"},"jetpack_sharing_enabled":true,"_links":{"self":[{"href":"https:\/\/emehermanos.com.ar\/tienda\/wp-json\/wp\/v2\/product\/1594","targetHints":{"allow":["GET"]}}],"collection":[{"href":"https:\/\/emehermanos.com.ar\/tienda\/wp-json\/wp\/v2\/product"}],"about":[{"href":"https:\/\/emehermanos.com.ar\/tienda\/wp-json\/wp\/v2\/types\/product"}],"wp:featuredmedia":[{"embeddable":true,"href":"https:\/\/emehermanos.com.ar\/tienda\/wp-json\/wp\/v2\/media\/5118"}],"wp:attachment":[{"href":"https:\/\/emehermanos.com.ar\/tienda\/wp-json\/wp\/v2\/media?parent=1594"}],"wp:term":[{"taxonomy":"product_brand","embeddable":true,"href":"https:\/\/emehermanos.com.ar\/tienda\/wp-json\/wp\/v2\/product_brand?post=1594"},{"taxonomy":"product_cat","embeddable":true,"href":"https:\/\/emehermanos.com.ar\/tienda\/wp-json\/wp\/v2\/product_cat?post=1594"},{"taxonomy":"product_tag","embeddable":true,"href":"https:\/\/emehermanos.com.ar\/tienda\/wp-json\/wp\/v2\/product_tag?post=1594"}],"curies":[{"name":"wp","href":"https:\/\/api.w.org\/{rel}","templated":true}]}}